{"id":1613,"date":"2019-04-12T10:05:47","date_gmt":"2019-04-12T10:05:47","guid":{"rendered":"https:\/\/chateaugrandluce.com\/?page_id=1613"},"modified":"2020-12-17T20:44:03","modified_gmt":"2020-12-17T20:44:03","slug":"suites","status":"publish","type":"page","link":"https:\/\/chateaugrandluce.com\/fr\/suites\/","title":{"rendered":"Les Chambres et Suites"},"content":{"rendered":"<p class=\"p1\">Nos chambres et suites ont \u00e9t\u00e9 parfaitement con\u00e7ues pour transcender les si\u00e8cles. Pour une authenticit\u00e9 sans compromis, mettant en valeur la magnificence du design de l&#8217;architecte Mathieu de Bayeux et, honorant la vision du baron Jacques Pineau de Viennay pour le voyageur des temps modernes, ces oeuvres d\u2019art resplendissantes et empreintes de luxe que sont nos chambres et suites sont pr\u00eates \u00e0 recevoir dignement le nouveau noble.<\/p>\n","protected":false},"excerpt":{"rendered":"<p>Nos chambres et suites ont \u00e9t\u00e9 parfaitement con\u00e7ues pour transcender les si\u00e8cles. Pour une authenticit\u00e9 sans compromis, mettant en valeur la magnificence du design de l&#8217;architecte Mathieu de Bayeux et, honorant la vision du baron Jacques Pineau de Viennay pour le voyageur des temps modernes, ces oeuvres d\u2019art resplendissantes et empreintes de luxe que sont [&hellip;]<\/p>\n","protected":false},"author":4,"featured_media":0,"parent":0,"menu_order":0,"comment_status":"closed","ping_status":"closed","template":"","meta":{"footnotes":""},"class_list":["post-1613","page","type-page","status-publish","hentry"],"_links":{"self":[{"href":"https:\/\/chateaugrandluce.com\/fr\/wp-json\/wp\/v2\/pages\/1613","targetHints":{"allow":["GET"]}}],"collection":[{"href":"https:\/\/chateaugrandluce.com\/fr\/wp-json\/wp\/v2\/pages"}],"about":[{"href":"https:\/\/chateaugrandluce.com\/fr\/wp-json\/wp\/v2\/types\/page"}],"author":[{"embeddable":true,"href":"https:\/\/chateaugrandluce.com\/fr\/wp-json\/wp\/v2\/users\/4"}],"replies":[{"embeddable":true,"href":"https:\/\/chateaugrandluce.com\/fr\/wp-json\/wp\/v2\/comments?post=1613"}],"version-history":[{"count":0,"href":"https:\/\/chateaugrandluce.com\/fr\/wp-json\/wp\/v2\/pages\/1613\/revisions"}],"wp:attachment":[{"href":"https:\/\/chateaugrandluce.com\/fr\/wp-json\/wp\/v2\/media?parent=1613"}],"curies":[{"name":"wp","href":"https:\/\/api.w.org\/{rel}","templated":true}]}}